{"id":4082,"date":"2022-05-15T12:31:32","date_gmt":"2022-05-15T10:31:32","guid":{"rendered":"https:\/\/www.carnicaselcapricho.com\/the-ox-2\/"},"modified":"2022-05-18T12:17:37","modified_gmt":"2022-05-18T10:17:37","slug":"the-ox","status":"publish","type":"page","link":"https:\/\/www.carnicaselcapricho.com\/en\/the-ox\/","title":{"rendered":"The animals-EN"},"content":{"rendered":"<!--themify_builder_content-->\n<div id=\"themify_builder_content-4082\" data-postid=\"4082\" class=\"themify_builder_content themify_builder_content-4082 themify_builder tf_clear\">\n                    <div  data-css_id=\"0ik1444\" data-lazy=\"1\" class=\"module_row themify_builder_row fullheight fullwidth tb_0ik1444 tb_first tf_w wow\" data-tf-animation=\"fadeIn\">\n            <span  class=\"builder_row_cover tf_abs\" data-lazy=\"1\"><\/span>            <div class=\"row_inner gutter-none col_align_middle tb_col_count_2 tf_box tf_rel\">\n                        <div  data-lazy=\"1\" class=\"module_column tb-column col4-2 tb_r7qg445 first\">\n                            <\/div>\n                    <div  data-lazy=\"1\" class=\"module_column tb-column col4-2 tb_4sd5445 last\">\n                    <!-- module text -->\n<div  class=\"module module-text tb_89d4749  repeat \" data-lazy=\"1\">\n        <div  class=\"tb_text_wrap\">\n        <h1>THE PROTAGONISTS: <br>THE OX AND THE COW<\/h1>    <\/div>\n<\/div>\n<!-- \/module text -->        <div  data-lazy=\"1\" class=\"module_subrow themify_builder_sub_row tf_w col_align_top tb_col_count_1 tb_fayf445\">\n                <div  data-lazy=\"1\" class=\"module_column sub_column col-full tb_qsxj446 first\">\n                    <!-- module text -->\n<div  class=\"module module-text tb_biii446  repeat \" data-lazy=\"1\">\n        <div  class=\"tb_text_wrap\">\n        <p>For us, the ox is a m\u00e1gicas, almost mystical animal. We are able to understand it, to comprehend it.<\/p>\n<p>Then there is the cow. Special cows, with the perfect size and shape for the accumulation of quality fat. These animals are pampered every day and fed naturally. They are cows that are the pride of their owners.<\/p>    <\/div>\n<\/div>\n<!-- \/module text -->        <\/div>\n                    <\/div>\n                <div  data-lazy=\"1\" class=\"module_subrow themify_builder_sub_row tf_w col_align_top tb_col_count_1 tb_ps9e446\">\n                <div  data-lazy=\"1\" class=\"module_column sub_column col-full tb_u5wc446 first\">\n                    <!-- module buttons -->\n<div  class=\"module module-buttons tb_1408131 buttons-horizontal outline  small squared\" data-lazy=\"1\">\n        <div class=\"module-buttons-item tf_in_flx\">\n                        <a href=\"https:\/\/www.carnicaselcapricho.com\/en\/the-ox\/#breeds\" class=\"ui builder_button tf_in_flx transparent\" >\n                                                The ox and the cow. Breeds                                        <\/a>\n                <\/div>\n            <\/div>\n<!-- \/module buttons -->\n<!-- module buttons -->\n<div  class=\"module module-buttons tb_dbre647 buttons-horizontal outline  small squared\" data-lazy=\"1\">\n        <div class=\"module-buttons-item tf_in_flx\">\n                        <a href=\"https:\/\/www.carnicaselcapricho.com\/en\/the-ox\/#selection\" class=\"ui builder_button tf_in_flx transparent\" >\n                                                Selection Process                                        <\/a>\n                <\/div>\n            <\/div>\n<!-- \/module buttons -->\n<!-- module buttons -->\n<div  class=\"module module-buttons tb_fdbu64 buttons-horizontal outline  small squared\" data-lazy=\"1\">\n        <div class=\"module-buttons-item tf_in_flx\">\n                        <a href=\"https:\/\/www.carnicaselcapricho.com\/en\/the-ox\/#thefarm\" class=\"ui builder_button tf_in_flx transparent\" >\n                                                The farm. Animal welfare                                        <\/a>\n                <\/div>\n            <\/div>\n<!-- \/module buttons -->\n        <\/div>\n                    <\/div>\n                <\/div>\n                        <\/div>\n        <\/div>\n                        <div  data-parallax-bg=\"desktop\" id=\"razas\" data-lazy=\"1\" class=\"module_row themify_builder_row tb_2acw684 tf_w\">\n                        <div class=\"row_inner col_align_top tb_col_count_1 tf_box tf_rel\">\n                        <div  data-lazy=\"1\" class=\"module_column tb-column col-full tb_omfj684 first\">\n                    <!-- module text -->\n<div  class=\"module module-text tb_nu6r685  repeat \" data-lazy=\"1\">\n        <div  class=\"tb_text_wrap\">\n        <p style=\"text-align: center;\">The ox is generous, suspicious but trusting at the same time, curious and endearing. Feeling the serenity in its deep gaze is captivating. Its nobility makes it a companion that does not betray you. Despite its great size and horns, you feel safe. <\/p>\n<p style=\"text-align: center;\">Then comes the care that farmers give their oxen, a love that somehow the animal will transmit in their meat, through care and a diet made with time and dedication as if it were their own. Owners who truly love their oxen suffer when they part with them, which is why they like them to come to El Capricho. It is a place of dignity for them, as they feel proud that their animal has lived up to it, has been appreciated and come to a great house, to a great temple of meat, to El Capricho.<\/p>    <\/div>\n<\/div>\n<!-- \/module text -->        <\/div>\n                        <\/div>\n        <\/div>\n                        <div  data-css_id=\"6iq8487\" id=\"breeds\" data-lazy=\"1\" class=\"module_row themify_builder_row fullwidth tb_6iq8487 tf_w\">\n            <span  class=\"builder_row_cover tf_abs\" data-lazy=\"1\"><\/span>            <div class=\"row_inner col_align_top tb_col_count_3 tf_box tf_rel\">\n                        <div  data-lazy=\"1\" class=\"module_column tb-column col3-1 tb_neeq488 first\">\n                            <\/div>\n                    <div  data-lazy=\"1\" class=\"module_column tb-column col3-1 tb_2gmj738\">\n                    <!-- module text -->\n<div  class=\"module module-text tb_3d1o272  repeat \" data-lazy=\"1\">\n        <div  class=\"tb_text_wrap\">\n        <h2>THE OX AND THE COW: OUR BREEDS<\/h2>    <\/div>\n<\/div>\n<!-- \/module text --><!-- module text -->\n<div  class=\"module module-text tb_7xp7136   \" data-lazy=\"1\">\n        <div  class=\"tb_text_wrap\">\n        <p>Our animals come from ancestral breeds from the Iberian Peninsula, breeds that give sturdy animals, resistant enough to bear the shortage of pasture and the climatic hostility of the meseta. These are indigenous breeds that have come down through time intact, away from genetic manipulations and the demands of productivity and efficiency that usually result in rounded, meat-filled, fat-free cattle.<\/p>\n<p><strong>This is what sets us apart.<\/strong><\/p>\n<p>Our oxen are old, huge, broad-chested and narrow-legged, somewhat hunched, capable of accumulating fats that will offer sensations from another time at the table, flavours and textures that we thought had been lost.<\/p>    <\/div>\n<\/div>\n<!-- \/module text --><!-- module text -->\n<div  class=\"module module-text tb_cqiw197   \" data-lazy=\"1\">\n        <div  class=\"tb_text_wrap\">\n        <p>We always stand up for individuals beyond the features of a breed.<\/p>\n<p>Some of the breeds we work with on our farm include Cachena, Tudanca, Alistana sanabresa, Sayaguesa, Rubia Gallega, Asturiana de los valles, Asturiana de la Monta\u00f1a, Parda de la Monta\u00f1a, Vianesa, Barrosa, Friesian, Freonesa, Maronesa , Ramo Grande, Avile\u00f1a, Minhota and Terre\u00f1a, as well as some crossbreed specimens that usually give great results.<\/p>    <\/div>\n<\/div>\n<!-- \/module text --><!-- module buttons -->\n<div  class=\"module module-buttons tb_khz9775 buttons-horizontal outline  small squared\" data-lazy=\"1\">\n        <div class=\"module-buttons-item tf_in_flx\">\n                        <a href=\"https:\/\/www.carnicaselcapricho.com\/carne-de-buey\" class=\"ui builder_button tf_in_flx transparent\" >\n                                                Take a look at our catalogue                                        <\/a>\n                <\/div>\n            <\/div>\n<!-- \/module buttons -->\n        <\/div>\n                    <div  data-lazy=\"1\" class=\"module_column tb-column col3-1 tb_0pxb742 last\">\n                            <\/div>\n                        <\/div>\n        <\/div>\n                        <div  data-css_id=\"09ol199\" id=\"selection\" data-lazy=\"1\" class=\"module_row themify_builder_row fullwidth tb_09ol199 tf_w\">\n                        <div class=\"row_inner col_align_middle tb_col_count_2 tf_box tf_rel\">\n                        <div  data-lazy=\"1\" class=\"module_column tb-column col4-2 tb_42hv200 first\">\n                            <\/div>\n                    <div  data-lazy=\"1\" class=\"module_column tb-column col4-2 tb_5szf200 last\">\n                    <!-- module text -->\n<div  class=\"module module-text tb_0amm35  repeat \" data-lazy=\"1\">\n        <div  class=\"tb_text_wrap\">\n        <h2>SELECTION AT ORIGIN IS THE BEGINNING OF A LONG PROCESS TOWARDS AGEING<\/h2>    <\/div>\n<\/div>\n<!-- \/module text --><!-- module text -->\n<div  class=\"module module-text tb_y2fp201   \" data-lazy=\"1\">\n        <div  class=\"tb_text_wrap\">\n        <p>Involvement in the selection of the animals is essential for guaranteeing the highest quality.<\/p>\n<p>Jos\u00e9 Gord\u00f3n himself visits the mountain towns in Le\u00f3n, Asturias, Galicia and Portugal, looking for the best people with the best oxen, which are old and well cared for.<\/p>\n<p>He enters their stables, asks what they feed them on, where they graze, if they eat well, in short, he sees the ox and checks it out. Then he examines it, feels the fats on its chest and on its sides.<\/p>\n<p>You have to be sensitive to understand its morphology, its nobility and its character. You have to have the ability to know how, when and where its fats will accumulate. It is necessary to understand the influence of altitude, the amount of rain and the salt residue from the sea on the pastures.<\/p>\n<p>It is here, in this selection process, where the ageing really begins.<\/p>    <\/div>\n<\/div>\n<!-- \/module text -->        <\/div>\n                        <\/div>\n        <\/div>\n                        <div  data-css_id=\"u3eo217\" id=\"thefarm\" data-lazy=\"1\" class=\"module_row themify_builder_row fullwidth tb_u3eo217 tf_w\">\n            <span  class=\"builder_row_cover tf_abs\" data-lazy=\"1\" id=\"thefarm\"><\/span>            <div class=\"row_inner col_align_top tb_col_count_3 tf_box tf_rel\">\n                        <div  data-lazy=\"1\" class=\"module_column tb-column col3-1 tb_www5217 first\">\n                            <\/div>\n                    <div  data-lazy=\"1\" class=\"module_column tb-column col3-1 tb_ulf2217\">\n                    <!-- module text -->\n<div  class=\"module module-text tb_u9ee292  repeat \" data-lazy=\"1\">\n        <div  class=\"tb_text_wrap\">\n        <h2>ANIMAL WELFARE ON THE FARM<\/h2>    <\/div>\n<\/div>\n<!-- \/module text --><!-- module text -->\n<div  class=\"module module-text tb_mnus219   \" data-lazy=\"1\">\n        <div  class=\"tb_text_wrap\">\n        <p><strong>Animal welfare; it is very hard to understand its meaning.<\/strong> For us it is essential and means observation, knowing how our oxen think, understanding their needs and weaknesses, knowing their feelings and feeling respect for the land.<\/p>\n<p>Our farm is beautiful, with holm oak and colourful meadows in the short springtime, with flat areas and sunny hills that descend to the majestic, serene reservoir, edged with reeds and alders. Overhead, the menacing, powerful golden eagles dominate the sky, hinting at true freedom.<\/p>\n<p>This is the space where our oxen live and grow, outdoors, seeing the water and the plants, free of electrical waves and antennas, away from noise. Just peace. Only the sound of the wind and the singing of the birds.<\/p>\n<p>In freedom and without limits, they decide if they want group together to feel less afraid or be alone when they are sad or suffer by themselves if something hurts. They decide how much \u2013 and when \u2013 to eat or sleep. They decide whether they need to challenge each other to feel respected or to lick each other to show affection and friendship, exposed to the seasons, the cold winter and its frosts, which will move the subcutaneous fat into the muscle.<\/p>\n<p>These meadows are medicinal, fleeting paintings for their eyes, and once they leave the farm, we accompany them and take the greatest care of them throughout the process.<\/p>\n<p>For us, this is the true meaning of animal welfare. It is the meaning of <strong>exceptional meat.<\/strong><\/p>    <\/div>\n<\/div>\n<!-- \/module text --><!-- module buttons -->\n<div  class=\"module module-buttons tb_qnuo263 buttons-horizontal outline  small squared\" data-lazy=\"1\">\n        <div class=\"module-buttons-item tf_in_flx\">\n                        <a href=\"https:\/\/www.carnicaselcapricho.com\/carne-de-buey\" class=\"ui builder_button tf_in_flx transparent\" >\n                                                Discover our quality meat                                        <\/a>\n                <\/div>\n            <\/div>\n<!-- \/module buttons -->\n        <\/div>\n                    <div  data-lazy=\"1\" class=\"module_column tb-column col3-1 tb_igae220 last\">\n                            <\/div>\n                        <\/div>\n        <\/div>\n        <\/div>\n<!--\/themify_builder_content-->","protected":false},"excerpt":{"rendered":"<p>THE PROTAGONISTS: THE OX AND THE COW For us, the ox is a m\u00e1gicas, almost mystical animal. We are able to understand it, to comprehend it. Then there is the cow. Special cows, with the perfect size and shape for the accumulation of quality fat. These animals are pampered every day and fed naturally. They [&hellip;]<\/p>\n","protected":false},"author":1,"featured_media":0,"parent":0,"menu_order":0,"comment_status":"closed","ping_status":"closed","template":"","meta":{"footnotes":""},"class_list":["post-4082","page","type-page","status-publish","hentry","has-post-title","has-post-date","has-post-category","has-post-tag","has-post-comment","has-post-author",""],"yoast_head":"<!-- This site is optimized with the Yoast SEO plugin v27.5 - https:\/\/yoast.com\/product\/yoast-seo-wordpress\/ -->\n<title>\u25b6 The ox and its animal welfare \ud83d\udc02 | C\u00e1rnicas El Capricho<\/title>\n<meta name=\"description\" content=\"The ox, the real protagonist in C\u00e1rnicas el Capricho. \u2705The best care to get an exceptional meat Take a look at our catalogue\" \/>\n<meta name=\"robots\" content=\"index, follow, max-snippet:-1, max-image-preview:large, max-video-preview:-1\" \/>\n<link rel=\"canonical\" href=\"https:\/\/www.carnicaselcapricho.com\/en\/the-ox\/\" \/>\n<meta property=\"og:locale\" content=\"en_GB\" \/>\n<meta property=\"og:type\" content=\"article\" \/>\n<meta property=\"og:title\" content=\"\u25b6 The ox and its animal welfare \ud83d\udc02 | C\u00e1rnicas El Capricho\" \/>\n<meta property=\"og:description\" content=\"Take a look at our catalogue The best care to get an exceptional meat Take a look at our catalogue\" \/>\n<meta property=\"og:url\" content=\"https:\/\/www.carnicaselcapricho.com\/en\/the-ox\/\" \/>\n<meta property=\"og:site_name\" content=\"C\u00e1rnicas El Capricho\" \/>\n<meta property=\"article:modified_time\" content=\"2022-05-18T10:17:37+00:00\" \/>\n<script type=\"application\/ld+json\" class=\"yoast-schema-graph\">{\"@context\":\"https:\\\/\\\/schema.org\",\"@graph\":[{\"@type\":\"WebPage\",\"@id\":\"https:\\\/\\\/www.carnicaselcapricho.com\\\/en\\\/the-ox\\\/\",\"url\":\"https:\\\/\\\/www.carnicaselcapricho.com\\\/en\\\/the-ox\\\/\",\"name\":\"\u25b6 The ox and its animal welfare \ud83d\udc02 | C\u00e1rnicas El Capricho\",\"isPartOf\":{\"@id\":\"https:\\\/\\\/www.carnicaselcapricho.com\\\/#website\"},\"datePublished\":\"2022-05-15T10:31:32+00:00\",\"dateModified\":\"2022-05-18T10:17:37+00:00\",\"description\":\"The ox, the real protagonist in C\u00e1rnicas el Capricho. \u2705The best care to get an exceptional meat Take a look at our catalogue\",\"breadcrumb\":{\"@id\":\"https:\\\/\\\/www.carnicaselcapricho.com\\\/en\\\/the-ox\\\/#breadcrumb\"},\"inLanguage\":\"en-GB\",\"potentialAction\":[{\"@type\":\"ReadAction\",\"target\":[\"https:\\\/\\\/www.carnicaselcapricho.com\\\/en\\\/the-ox\\\/\"]}]},{\"@type\":\"BreadcrumbList\",\"@id\":\"https:\\\/\\\/www.carnicaselcapricho.com\\\/en\\\/the-ox\\\/#breadcrumb\",\"itemListElement\":[{\"@type\":\"ListItem\",\"position\":1,\"name\":\"Portada\",\"item\":\"https:\\\/\\\/www.carnicaselcapricho.com\\\/\"},{\"@type\":\"ListItem\",\"position\":2,\"name\":\"The animals-EN\"}]},{\"@type\":\"WebSite\",\"@id\":\"https:\\\/\\\/www.carnicaselcapricho.com\\\/#website\",\"url\":\"https:\\\/\\\/www.carnicaselcapricho.com\\\/\",\"name\":\"C\u00e1rnicas El Capricho\",\"description\":\"Distribuidora de carne de buey y vaca\",\"potentialAction\":[{\"@type\":\"SearchAction\",\"target\":{\"@type\":\"EntryPoint\",\"urlTemplate\":\"https:\\\/\\\/www.carnicaselcapricho.com\\\/?s={search_term_string}\"},\"query-input\":{\"@type\":\"PropertyValueSpecification\",\"valueRequired\":true,\"valueName\":\"search_term_string\"}}],\"inLanguage\":\"en-GB\"}]}<\/script>\n<!-- \/ Yoast SEO plugin. -->","yoast_head_json":{"title":"\u25b6 The ox and its animal welfare \ud83d\udc02 | C\u00e1rnicas El Capricho","description":"The ox, the real protagonist in C\u00e1rnicas el Capricho. \u2705The best care to get an exceptional meat Take a look at our catalogue","robots":{"index":"index","follow":"follow","max-snippet":"max-snippet:-1","max-image-preview":"max-image-preview:large","max-video-preview":"max-video-preview:-1"},"canonical":"https:\/\/www.carnicaselcapricho.com\/en\/the-ox\/","og_locale":"en_GB","og_type":"article","og_title":"\u25b6 The ox and its animal welfare \ud83d\udc02 | C\u00e1rnicas El Capricho","og_description":"Take a look at our catalogue The best care to get an exceptional meat Take a look at our catalogue","og_url":"https:\/\/www.carnicaselcapricho.com\/en\/the-ox\/","og_site_name":"C\u00e1rnicas El Capricho","article_modified_time":"2022-05-18T10:17:37+00:00","schema":{"@context":"https:\/\/schema.org","@graph":[{"@type":"WebPage","@id":"https:\/\/www.carnicaselcapricho.com\/en\/the-ox\/","url":"https:\/\/www.carnicaselcapricho.com\/en\/the-ox\/","name":"\u25b6 The ox and its animal welfare \ud83d\udc02 | C\u00e1rnicas El Capricho","isPartOf":{"@id":"https:\/\/www.carnicaselcapricho.com\/#website"},"datePublished":"2022-05-15T10:31:32+00:00","dateModified":"2022-05-18T10:17:37+00:00","description":"The ox, the real protagonist in C\u00e1rnicas el Capricho. \u2705The best care to get an exceptional meat Take a look at our catalogue","breadcrumb":{"@id":"https:\/\/www.carnicaselcapricho.com\/en\/the-ox\/#breadcrumb"},"inLanguage":"en-GB","potentialAction":[{"@type":"ReadAction","target":["https:\/\/www.carnicaselcapricho.com\/en\/the-ox\/"]}]},{"@type":"BreadcrumbList","@id":"https:\/\/www.carnicaselcapricho.com\/en\/the-ox\/#breadcrumb","itemListElement":[{"@type":"ListItem","position":1,"name":"Portada","item":"https:\/\/www.carnicaselcapricho.com\/"},{"@type":"ListItem","position":2,"name":"The animals-EN"}]},{"@type":"WebSite","@id":"https:\/\/www.carnicaselcapricho.com\/#website","url":"https:\/\/www.carnicaselcapricho.com\/","name":"C\u00e1rnicas El Capricho","description":"Distribuidora de carne de buey y vaca","potentialAction":[{"@type":"SearchAction","target":{"@type":"EntryPoint","urlTemplate":"https:\/\/www.carnicaselcapricho.com\/?s={search_term_string}"},"query-input":{"@type":"PropertyValueSpecification","valueRequired":true,"valueName":"search_term_string"}}],"inLanguage":"en-GB"}]}},"builder_content":"<h1>THE PROTAGONISTS: <br>THE OX AND THE COW<\/h1>\n<p>For us, the ox is a m\u00e1gicas, almost mystical animal. We are able to understand it, to comprehend it.<\/p> <p>Then there is the cow. Special cows, with the perfect size and shape for the accumulation of quality fat. These animals are pampered every day and fed naturally. They are cows that are the pride of their owners.<\/p>\n<a href=\"https:\/\/www.carnicaselcapricho.com\/en\/the-ox\/#breeds\" > The ox and the cow. Breeds <\/a>\n<a href=\"https:\/\/www.carnicaselcapricho.com\/en\/the-ox\/#selection\" > Selection Process <\/a>\n<a href=\"https:\/\/www.carnicaselcapricho.com\/en\/the-ox\/#thefarm\" > The farm. Animal welfare <\/a>\n<p style=\"text-align: center;\">The ox is generous, suspicious but trusting at the same time, curious and endearing. Feeling the serenity in its deep gaze is captivating. Its nobility makes it a companion that does not betray you. Despite its great size and horns, you feel safe. <\/p> <p style=\"text-align: center;\">Then comes the care that farmers give their oxen, a love that somehow the animal will transmit in their meat, through care and a diet made with time and dedication as if it were their own. Owners who truly love their oxen suffer when they part with them, which is why they like them to come to El Capricho. It is a place of dignity for them, as they feel proud that their animal has lived up to it, has been appreciated and come to a great house, to a great temple of meat, to El Capricho.<\/p>\n<h2>THE OX AND THE COW: OUR BREEDS<\/h2>\n<p>Our animals come from ancestral breeds from the Iberian Peninsula, breeds that give sturdy animals, resistant enough to bear the shortage of pasture and the climatic hostility of the meseta. These are indigenous breeds that have come down through time intact, away from genetic manipulations and the demands of productivity and efficiency that usually result in rounded, meat-filled, fat-free cattle.<\/p> <p><strong>This is what sets us apart.<\/strong><\/p> <p>Our oxen are old, huge, broad-chested and narrow-legged, somewhat hunched, capable of accumulating fats that will offer sensations from another time at the table, flavours and textures that we thought had been lost.<\/p>\n<p>We always stand up for individuals beyond the features of a breed.<\/p> <p>Some of the breeds we work with on our farm include Cachena, Tudanca, Alistana sanabresa, Sayaguesa, Rubia Gallega, Asturiana de los valles, Asturiana de la Monta\u00f1a, Parda de la Monta\u00f1a, Vianesa, Barrosa, Friesian, Freonesa, Maronesa , Ramo Grande, Avile\u00f1a, Minhota and Terre\u00f1a, as well as some crossbreed specimens that usually give great results.<\/p>\n<a href=\"https:\/\/www.carnicaselcapricho.com\/carne-de-buey\" > Take a look at our catalogue <\/a>\n<h2>SELECTION AT ORIGIN IS THE BEGINNING OF A LONG PROCESS TOWARDS AGEING<\/h2>\n<p>Involvement in the selection of the animals is essential for guaranteeing the highest quality.<\/p> <p>Jos\u00e9 Gord\u00f3n himself visits the mountain towns in Le\u00f3n, Asturias, Galicia and Portugal, looking for the best people with the best oxen, which are old and well cared for.<\/p> <p>He enters their stables, asks what they feed them on, where they graze, if they eat well, in short, he sees the ox and checks it out. Then he examines it, feels the fats on its chest and on its sides.<\/p> <p>You have to be sensitive to understand its morphology, its nobility and its character. You have to have the ability to know how, when and where its fats will accumulate. It is necessary to understand the influence of altitude, the amount of rain and the salt residue from the sea on the pastures.<\/p> <p>It is here, in this selection process, where the ageing really begins.<\/p>\n<h2>ANIMAL WELFARE ON THE FARM<\/h2>\n<p><strong>Animal welfare; it is very hard to understand its meaning.<\/strong> For us it is essential and means observation, knowing how our oxen think, understanding their needs and weaknesses, knowing their feelings and feeling respect for the land.<\/p> <p>Our farm is beautiful, with holm oak and colourful meadows in the short springtime, with flat areas and sunny hills that descend to the majestic, serene reservoir, edged with reeds and alders. Overhead, the menacing, powerful golden eagles dominate the sky, hinting at true freedom.<\/p> <p>This is the space where our oxen live and grow, outdoors, seeing the water and the plants, free of electrical waves and antennas, away from noise. Just peace. Only the sound of the wind and the singing of the birds.<\/p> <p>In freedom and without limits, they decide if they want group together to feel less afraid or be alone when they are sad or suffer by themselves if something hurts. They decide how much \u2013 and when \u2013 to eat or sleep. They decide whether they need to challenge each other to feel respected or to lick each other to show affection and friendship, exposed to the seasons, the cold winter and its frosts, which will move the subcutaneous fat into the muscle.<\/p> <p>These meadows are medicinal, fleeting paintings for their eyes, and once they leave the farm, we accompany them and take the greatest care of them throughout the process.<\/p> <p>For us, this is the true meaning of animal welfare. It is the meaning of <strong>exceptional meat.<\/strong><\/p>\n<a href=\"https:\/\/www.carnicaselcapricho.com\/carne-de-buey\" > Discover our quality meat <\/a>","_links":{"self":[{"href":"https:\/\/www.carnicaselcapricho.com\/en\/wp-json\/wp\/v2\/pages\/4082","targetHints":{"allow":["GET"]}}],"collection":[{"href":"https:\/\/www.carnicaselcapricho.com\/en\/wp-json\/wp\/v2\/pages"}],"about":[{"href":"https:\/\/www.carnicaselcapricho.com\/en\/wp-json\/wp\/v2\/types\/page"}],"author":[{"embeddable":true,"href":"https:\/\/www.carnicaselcapricho.com\/en\/wp-json\/wp\/v2\/users\/1"}],"replies":[{"embeddable":true,"href":"https:\/\/www.carnicaselcapricho.com\/en\/wp-json\/wp\/v2\/comments?post=4082"}],"version-history":[{"count":7,"href":"https:\/\/www.carnicaselcapricho.com\/en\/wp-json\/wp\/v2\/pages\/4082\/revisions"}],"predecessor-version":[{"id":4183,"href":"https:\/\/www.carnicaselcapricho.com\/en\/wp-json\/wp\/v2\/pages\/4082\/revisions\/4183"}],"wp:attachment":[{"href":"https:\/\/www.carnicaselcapricho.com\/en\/wp-json\/wp\/v2\/media?parent=4082"}],"curies":[{"name":"wp","href":"https:\/\/api.w.org\/{rel}","templated":true}]}}